{"id":2,"date":"2014-07-04T19:58:38","date_gmt":"2014-07-04T19:58:38","guid":{"rendered":"http:\/\/paruresis-support.de\/?page_id=2"},"modified":"2014-07-04T21:13:59","modified_gmt":"2014-07-04T21:13:59","slug":"sample-page","status":"publish","type":"page","link":"https:\/\/paruresis-support.de\/?page_id=2","title":{"rendered":"Wir \u00fcber uns"},"content":{"rendered":"<p>Paruresis Support Group<\/p>\n<p>Wir sind eine Selbsthilfegruppe, die sich auf einen Paruresis Workshop kennengelernt hat. Viele Menschen leiden unter dieser Angstneurose\/Angstst\u00f6rung, finden jedoch keinen geeigneten Anlaufpunkt im Internet. Diese Webseite soll Betroffenden dieser sozialen Phobie weitergehende Informationen zum Thema zu geben. Sie stellt jedoch keinerlei \u00e4rztliche Informationen zur Verf\u00fcgung und \u00fcbernimmt auch keinerlei Haftung f\u00fcr den Inhalt dieser Webseite oder weiterf\u00fchrender Links.<\/p>\n<p>Kontakt<\/p>\n<p>Es gibt bisher im europ\u00e4ischen Raum nur wenige Selbsthilfegruppen. Insbesondere in Deutschland sind Selbsthilfegruppen erst im Entstehen. Sehr empfehlenswert ist die Webseite der European Paruresis Association. Insbesondere im Forum ist ein erster Erfahrungsaustausch m\u00f6glich. Sie sollten jedoch, wie bei allen Internet-Foren, niemals Ihre Identit\u00e4t preisgeben. Eine vollst\u00e4ndige Liste aller Support Gruppen weltweit, finden Sie bei der International Paruresis Association (IPA).<\/p>\n","protected":false},"excerpt":{"rendered":"<p>Paruresis Support Group Wir sind eine Selbsthilfegruppe, die sich auf einen Paruresis Workshop kennengelernt hat. Viele Menschen leiden unter dieser Angstneurose\/Angstst\u00f6rung, finden jedoch keinen geeigneten Anlaufpunkt im Internet. Diese Webseite soll Betroffenden dieser sozialen Phobie weitergehende Informationen zum Thema zu geben. Sie stellt jedoch keinerlei \u00e4rztliche Informationen zur Verf\u00fcgung und \u00fcbernimmt auch keinerlei Haftung f\u00fcr &hellip; <a href=\"https:\/\/paruresis-support.de\/?page_id=2\" class=\"more-link\"><span class=\"screen-reader-text\">Wir \u00fcber uns<\/span> weiterlesen <span class=\"meta-nav\">&rarr;<\/span><\/a><\/p>\n","protected":false},"author":1,"featured_media":0,"parent":0,"menu_order":0,"comment_status":"open","ping_status":"open","template":"","meta":{"footnotes":""},"class_list":["post-2","page","type-page","status-publish","hentry"],"_links":{"self":[{"href":"https:\/\/paruresis-support.de\/index.php?rest_route=\/wp\/v2\/pages\/2","targetHints":{"allow":["GET"]}}],"collection":[{"href":"https:\/\/paruresis-support.de\/index.php?rest_route=\/wp\/v2\/pages"}],"about":[{"href":"https:\/\/paruresis-support.de\/index.php?rest_route=\/wp\/v2\/types\/page"}],"author":[{"embeddable":true,"href":"https:\/\/paruresis-support.de\/index.php?rest_route=\/wp\/v2\/users\/1"}],"replies":[{"embeddable":true,"href":"https:\/\/paruresis-support.de\/index.php?rest_route=%2Fwp%2Fv2%2Fcomments&post=2"}],"version-history":[{"count":6,"href":"https:\/\/paruresis-support.de\/index.php?rest_route=\/wp\/v2\/pages\/2\/revisions"}],"predecessor-version":[{"id":23,"href":"https:\/\/paruresis-support.de\/index.php?rest_route=\/wp\/v2\/pages\/2\/revisions\/23"}],"wp:attachment":[{"href":"https:\/\/paruresis-support.de\/index.php?rest_route=%2Fwp%2Fv2%2Fmedia&parent=2"}],"curies":[{"name":"wp","href":"https:\/\/api.w.org\/{rel}","templated":true}]}}