{"id":6,"date":"2014-07-04T20:24:40","date_gmt":"2014-07-04T20:24:40","guid":{"rendered":"http:\/\/paruresis-support.de\/?page_id=6"},"modified":"2021-02-13T21:38:49","modified_gmt":"2021-02-13T21:38:49","slug":"test","status":"publish","type":"page","link":"https:\/\/paruresis-support.de\/?page_id=6","title":{"rendered":"Wichtige Hinweise"},"content":{"rendered":"<p>Die Autoren dieser Informationsseite und die Selbsthilfegruppe \u00fcbernimmt keinerlei Haftung f\u00fcr den Inhalt, Richtigkeit und Vollst\u00e4ndigkeit dieser Homepage oder weiterf\u00fchrender Links dieser Informationsseite. Diese Webseite ist kein Ersatz f\u00fcr ein \u00e4rztliche Betreuung und gibt auch keinerlei \u00e4rztlichen Rat. Falls Sie Probleme beim Urinieren haben, sollten Sie auf jeden Fall einen Arzt konsultieren, da die Ursache Ihrer St\u00f6rung auch Synthome einer ernsthaften Erkrannkung sein k\u00f6nnten.<\/p>\n<p>Mit Urteil vom 12. Mai 1998 hat das Landgericht Hamburg entschieden, dass man durch die Anbringung eines Querverweises \/ Links die Inhalte der gelinkten Seite ggf. mit zu verantworten hat. Dies kann &#8211; so das Landgericht Hamburg &#8211; nur dadurch verhindert werden, dass man sich ausdr\u00fccklich von diesen Inhalten distanziert. F\u00fcr alle Links, Banner und Hinweise dieser privaten Informationsseite gilt: Wir distanzieren wir uns hiermit ausdr\u00fccklich von den gesamten Inhalten aller gelinkten Seiten auf dieser Homepage, inklusive aller Folgeseiten.<\/p>\n","protected":false},"excerpt":{"rendered":"<p>Die Autoren dieser Informationsseite und die Selbsthilfegruppe \u00fcbernimmt keinerlei Haftung f\u00fcr den Inhalt, Richtigkeit und Vollst\u00e4ndigkeit dieser Homepage oder weiterf\u00fchrender Links dieser Informationsseite. Diese Webseite ist kein Ersatz f\u00fcr ein \u00e4rztliche Betreuung und gibt auch keinerlei \u00e4rztlichen Rat. Falls Sie Probleme beim Urinieren haben, sollten Sie auf jeden Fall einen Arzt konsultieren, da die Ursache &hellip; <a href=\"https:\/\/paruresis-support.de\/?page_id=6\" class=\"more-link\"><span class=\"screen-reader-text\">Wichtige Hinweise<\/span> weiterlesen <span class=\"meta-nav\">&rarr;<\/span><\/a><\/p>\n","protected":false},"author":1,"featured_media":0,"parent":0,"menu_order":0,"comment_status":"open","ping_status":"open","template":"","meta":{"footnotes":""},"class_list":["post-6","page","type-page","status-publish","hentry"],"_links":{"self":[{"href":"https:\/\/paruresis-support.de\/index.php?rest_route=\/wp\/v2\/pages\/6","targetHints":{"allow":["GET"]}}],"collection":[{"href":"https:\/\/paruresis-support.de\/index.php?rest_route=\/wp\/v2\/pages"}],"about":[{"href":"https:\/\/paruresis-support.de\/index.php?rest_route=\/wp\/v2\/types\/page"}],"author":[{"embeddable":true,"href":"https:\/\/paruresis-support.de\/index.php?rest_route=\/wp\/v2\/users\/1"}],"replies":[{"embeddable":true,"href":"https:\/\/paruresis-support.de\/index.php?rest_route=%2Fwp%2Fv2%2Fcomments&post=6"}],"version-history":[{"count":2,"href":"https:\/\/paruresis-support.de\/index.php?rest_route=\/wp\/v2\/pages\/6\/revisions"}],"predecessor-version":[{"id":19,"href":"https:\/\/paruresis-support.de\/index.php?rest_route=\/wp\/v2\/pages\/6\/revisions\/19"}],"wp:attachment":[{"href":"https:\/\/paruresis-support.de\/index.php?rest_route=%2Fwp%2Fv2%2Fmedia&parent=6"}],"curies":[{"name":"wp","href":"https:\/\/api.w.org\/{rel}","templated":true}]}}